{"id":4,"date":"2021-01-05T17:45:36","date_gmt":"2021-01-05T16:45:36","guid":{"rendered":"https:\/\/fam-schuler.de\/?page_id=4"},"modified":"2024-03-23T16:51:33","modified_gmt":"2024-03-23T15:51:33","slug":"welcome-to-https-fam-schuler-de","status":"publish","type":"page","link":"https:\/\/fam-schuler.de\/","title":{"rendered":"Willkommen!"},"content":{"rendered":"\n<p>Wir bieten Ihnen auf diesen Seiten die <strong>neu renovierte, moderne und komfortable  Ferienwohnung &#8222;Anni&#8220;<\/strong> f\u00fcr 2 bis 4 Personen an.<\/p>\n\n\n\n<p>Die 65m\u00b2 gro\u00dfe Wohnung liegt<strong> ruhig am nord\u00f6stlichen Stadtrand<\/strong> <strong>von Sonthofen <\/strong>und bietet ein sch\u00f6nes Bergpanorama.<\/p>\n\n\n\n<ul class=\"wp-block-list\">\n<li>Im Jahr 2022 wurde die Wohnung <strong>komplett renoviert und modernisiert<\/strong>. K\u00fcche, Bad, WC wurden ebenso erneuert wie alle B\u00f6den und die M\u00f6blierung in allen R\u00e4umen.<\/li>\n\n\n\n<li>Die Wohnung hat <strong>2 Schlafzimmer<\/strong>, ein modernes <strong>Bad<\/strong>, separates <strong>WC<\/strong>, eine voll ausgestattete <strong>K\u00fcche <\/strong>und einen <strong>herrlich ausgedehnten Wohn-Essraum<\/strong> mit einem <strong>gro\u00dfen Balkon<\/strong>. <\/li>\n\n\n\n<li>Im <strong>Sommer <\/strong>finden Sie hier einen idealen Ausgangspunkt zum <strong>Wandern und Radfahren<\/strong> im gesamten Oberallg\u00e4u,<\/li>\n\n\n\n<li>im <strong>Winter <\/strong>liegen die ersten <strong>Loipen <\/strong>nur 200 m vom Haus entfernt und Sie profitieren von einer sehr verkehrsg\u00fcnstigen Lage zu den <strong>Allg\u00e4uer Skigebieten<\/strong>,<\/li>\n\n\n\n<li>zu allen Jahreszeiten genie\u00dfen Sie die Vorteile der sympathischen Stadt Sonthofen &#8211; vom <strong>Erlebnisbad Wonnemar<\/strong> \u00fcber die vielf\u00e4ltigen <strong>Einkaufsm\u00f6glichkeiten <\/strong>bis zum reichhaltigen <strong>gastronomischen Angebot.<\/strong><\/li>\n<\/ul>\n\n\n\n<p>Ihre Familie Schuler<\/p>\n\n\n\n<h2 class=\"wp-block-heading\">Buchung<\/h2>\n\n\n<div class=\"wp-block-image\">\n<figure class=\"alignleft size-large is-resized\"><a href=\"https:\/\/www.allgaeu-ferienwohnungen.de\/page\/anni-349 \"><img decoding=\"async\" src=\"https:\/\/www.allgaeu-ferienwohnungen.de\/files\/images\/Allgaeu_Fewo_24_Logo_dark.svg\" alt=\"\" style=\"width:200px\"\/><\/a><\/figure>\n<\/div>\n\n\n<p>Die <strong>Buchung <\/strong>erfolgt inzwischen nicht mehr direkt \u00fcber uns, sondern \u00fcber die <strong>Agentur Allg\u00e4u-Fewo24 <\/strong>in Sonthofen. Dort erhalten Sie alle Ausk\u00fcnfte zu Verf\u00fcgbarkeit und Preisen.<\/p>\n\n\n\n<ul class=\"wp-block-list\">\n<li>Direkt-Link zur Buchung unserer Wohnung Anni: <br><a href=\"https:\/\/www.allgaeu-ferienwohnungen.de\/unterkunft\/anni-349\" target=\"_blank\" rel=\"noreferrer noopener\">https:\/\/www.allgaeu-ferienwohnungen.de\/unterkunft\/anni-349<\/a> <\/li>\n\n\n\n<li>Tel: 08321\/6766-2220 <\/li>\n\n\n\n<li>Mail: <a href=\"mailto:info@allgaeu-ferienwohnungen.de\">info@allgaeu-ferienwohnungen.de<\/a><br><\/li>\n<\/ul>\n\n\n\n<h2 class=\"wp-block-heading\">Wohnungs-Impressionen<\/h2>\n\n\n\n<div class=\"wp-block-group\"><div class=\"wp-block-group__inner-container is-layout-constrained wp-block-group-is-layout-constrained\">\n<div class=\"wp-block-columns is-layout-flex wp-container-core-columns-is-layout-9d6595d7 wp-block-columns-is-layout-flex\">\n<div class=\"wp-block-column is-layout-flow wp-block-column-is-layout-flow\" style=\"flex-basis:100%\">\n<figure class=\"wp-block-gallery has-nested-images columns-2 is-cropped wp-block-gallery-2 is-layout-flex wp-block-gallery-is-layout-flex\">\n<figure class=\"wp-block-image size-large\"><a href=\"https:\/\/fam-schuler.de\/wp-content\/uploads\/2023\/04\/20221031_145038-scaled.jpg\"><img loading=\"lazy\" decoding=\"async\" width=\"1024\" height=\"768\" data-id=\"112\" src=\"https:\/\/fam-schuler.de\/wp-content\/uploads\/2023\/04\/20221031_145038-1024x768.jpg\" alt=\"\" class=\"wp-image-112\" srcset=\"https:\/\/fam-schuler.de\/wp-content\/uploads\/2023\/04\/20221031_145038-1024x768.jpg 1024w, https:\/\/fam-schuler.de\/wp-content\/uploads\/2023\/04\/20221031_145038-300x225.jpg 300w, https:\/\/fam-schuler.de\/wp-content\/uploads\/2023\/04\/20221031_145038-768x576.jpg 768w, https:\/\/fam-schuler.de\/wp-content\/uploads\/2023\/04\/20221031_145038-1536x1152.jpg 1536w, https:\/\/fam-schuler.de\/wp-content\/uploads\/2023\/04\/20221031_145038-2048x1536.jpg 2048w\" sizes=\"auto, (max-width: 1024px) 100vw, 1024px\" \/><\/a><figcaption class=\"wp-element-caption\">Wohn- und Esszimmer mit Balkon<\/figcaption><\/figure>\n\n\n\n<figure class=\"wp-block-image size-large\"><a href=\"https:\/\/fam-schuler.de\/wp-content\/uploads\/2023\/04\/20221031_145105-scaled.jpg\"><img loading=\"lazy\" decoding=\"async\" width=\"1024\" height=\"768\" data-id=\"120\" src=\"https:\/\/fam-schuler.de\/wp-content\/uploads\/2023\/04\/20221031_145105-1024x768.jpg\" alt=\"\" class=\"wp-image-120\" srcset=\"https:\/\/fam-schuler.de\/wp-content\/uploads\/2023\/04\/20221031_145105-1024x768.jpg 1024w, https:\/\/fam-schuler.de\/wp-content\/uploads\/2023\/04\/20221031_145105-300x225.jpg 300w, https:\/\/fam-schuler.de\/wp-content\/uploads\/2023\/04\/20221031_145105-768x576.jpg 768w, https:\/\/fam-schuler.de\/wp-content\/uploads\/2023\/04\/20221031_145105-1536x1152.jpg 1536w, https:\/\/fam-schuler.de\/wp-content\/uploads\/2023\/04\/20221031_145105-2048x1536.jpg 2048w\" sizes=\"auto, (max-width: 1024px) 100vw, 1024px\" \/><\/a><figcaption class=\"wp-element-caption\">Wohn- und Esszimmer<\/figcaption><\/figure>\n\n\n\n<figure class=\"wp-block-image size-large\"><a href=\"https:\/\/fam-schuler.de\/wp-content\/uploads\/2023\/04\/20221031_145052-scaled.jpg\"><img loading=\"lazy\" decoding=\"async\" width=\"1024\" height=\"768\" data-id=\"113\" src=\"https:\/\/fam-schuler.de\/wp-content\/uploads\/2023\/04\/20221031_145052-1024x768.jpg\" alt=\"\" class=\"wp-image-113\" srcset=\"https:\/\/fam-schuler.de\/wp-content\/uploads\/2023\/04\/20221031_145052-1024x768.jpg 1024w, https:\/\/fam-schuler.de\/wp-content\/uploads\/2023\/04\/20221031_145052-300x225.jpg 300w, https:\/\/fam-schuler.de\/wp-content\/uploads\/2023\/04\/20221031_145052-768x576.jpg 768w, https:\/\/fam-schuler.de\/wp-content\/uploads\/2023\/04\/20221031_145052-1536x1152.jpg 1536w, https:\/\/fam-schuler.de\/wp-content\/uploads\/2023\/04\/20221031_145052-2048x1536.jpg 2048w\" sizes=\"auto, (max-width: 1024px) 100vw, 1024px\" \/><\/a><figcaption class=\"wp-element-caption\">Wohn- und Esszimmer<\/figcaption><\/figure>\n\n\n\n<figure class=\"wp-block-image size-large\"><a href=\"https:\/\/fam-schuler.de\/wp-content\/uploads\/2023\/04\/20221031_145125-scaled.jpg\"><img loading=\"lazy\" decoding=\"async\" width=\"1024\" height=\"768\" data-id=\"114\" src=\"https:\/\/fam-schuler.de\/wp-content\/uploads\/2023\/04\/20221031_145125-1024x768.jpg\" alt=\"\" class=\"wp-image-114\" srcset=\"https:\/\/fam-schuler.de\/wp-content\/uploads\/2023\/04\/20221031_145125-1024x768.jpg 1024w, https:\/\/fam-schuler.de\/wp-content\/uploads\/2023\/04\/20221031_145125-300x225.jpg 300w, https:\/\/fam-schuler.de\/wp-content\/uploads\/2023\/04\/20221031_145125-768x576.jpg 768w, https:\/\/fam-schuler.de\/wp-content\/uploads\/2023\/04\/20221031_145125-1536x1152.jpg 1536w, https:\/\/fam-schuler.de\/wp-content\/uploads\/2023\/04\/20221031_145125-2048x1536.jpg 2048w\" sizes=\"auto, (max-width: 1024px) 100vw, 1024px\" \/><\/a><figcaption class=\"wp-element-caption\">Wohn- und Esszimmer<\/figcaption><\/figure>\n\n\n\n<figure class=\"wp-block-image size-large\"><a href=\"https:\/\/fam-schuler.de\/wp-content\/uploads\/2023\/04\/IMG-20230107-WA0006.jpg\"><img loading=\"lazy\" decoding=\"async\" width=\"1024\" height=\"768\" data-id=\"119\" src=\"https:\/\/fam-schuler.de\/wp-content\/uploads\/2023\/04\/IMG-20230107-WA0006-1024x768.jpg\" alt=\"\" class=\"wp-image-119\" srcset=\"https:\/\/fam-schuler.de\/wp-content\/uploads\/2023\/04\/IMG-20230107-WA0006-1024x768.jpg 1024w, https:\/\/fam-schuler.de\/wp-content\/uploads\/2023\/04\/IMG-20230107-WA0006-300x225.jpg 300w, https:\/\/fam-schuler.de\/wp-content\/uploads\/2023\/04\/IMG-20230107-WA0006-768x576.jpg 768w, https:\/\/fam-schuler.de\/wp-content\/uploads\/2023\/04\/IMG-20230107-WA0006-1536x1152.jpg 1536w, https:\/\/fam-schuler.de\/wp-content\/uploads\/2023\/04\/IMG-20230107-WA0006.jpg 1600w\" sizes=\"auto, (max-width: 1024px) 100vw, 1024px\" \/><\/a><figcaption class=\"wp-element-caption\">Schlafzimmer 1 mit Doppelbett und Balkonzugang<\/figcaption><\/figure>\n\n\n\n<figure class=\"wp-block-image size-large\"><a href=\"https:\/\/fam-schuler.de\/wp-content\/uploads\/2023\/04\/IMG-20230107-WA0003.jpg\"><img loading=\"lazy\" decoding=\"async\" width=\"1024\" height=\"768\" data-id=\"115\" src=\"https:\/\/fam-schuler.de\/wp-content\/uploads\/2023\/04\/IMG-20230107-WA0003-1024x768.jpg\" alt=\"\" class=\"wp-image-115\" srcset=\"https:\/\/fam-schuler.de\/wp-content\/uploads\/2023\/04\/IMG-20230107-WA0003-1024x768.jpg 1024w, https:\/\/fam-schuler.de\/wp-content\/uploads\/2023\/04\/IMG-20230107-WA0003-300x225.jpg 300w, https:\/\/fam-schuler.de\/wp-content\/uploads\/2023\/04\/IMG-20230107-WA0003-768x576.jpg 768w, https:\/\/fam-schuler.de\/wp-content\/uploads\/2023\/04\/IMG-20230107-WA0003-1536x1152.jpg 1536w, https:\/\/fam-schuler.de\/wp-content\/uploads\/2023\/04\/IMG-20230107-WA0003.jpg 1600w\" sizes=\"auto, (max-width: 1024px) 100vw, 1024px\" \/><\/a><figcaption class=\"wp-element-caption\">Schlafzimmer 2 mit zwei Einzelbetten<\/figcaption><\/figure>\n<\/figure>\n\n\n\n<p><\/p>\n\n\n\n<figure class=\"wp-block-gallery has-nested-images columns-default is-cropped wp-block-gallery-3 is-layout-flex wp-block-gallery-is-layout-flex\">\n<figure class=\"wp-block-image size-large\"><a href=\"https:\/\/fam-schuler.de\/wp-content\/uploads\/2023\/04\/220406-1-scaled.jpg\"><img loading=\"lazy\" decoding=\"async\" width=\"768\" height=\"1024\" data-id=\"121\" src=\"https:\/\/fam-schuler.de\/wp-content\/uploads\/2023\/04\/220406-1-768x1024.jpg\" alt=\"\" class=\"wp-image-121\" srcset=\"https:\/\/fam-schuler.de\/wp-content\/uploads\/2023\/04\/220406-1-768x1024.jpg 768w, https:\/\/fam-schuler.de\/wp-content\/uploads\/2023\/04\/220406-1-225x300.jpg 225w, https:\/\/fam-schuler.de\/wp-content\/uploads\/2023\/04\/220406-1-1152x1536.jpg 1152w, https:\/\/fam-schuler.de\/wp-content\/uploads\/2023\/04\/220406-1-1536x2048.jpg 1536w, https:\/\/fam-schuler.de\/wp-content\/uploads\/2023\/04\/220406-1-scaled.jpg 1920w\" sizes=\"auto, (max-width: 768px) 100vw, 768px\" \/><\/a><figcaption class=\"wp-element-caption\">K\u00fcche<\/figcaption><\/figure>\n\n\n\n<figure class=\"wp-block-image size-large\"><a href=\"https:\/\/fam-schuler.de\/wp-content\/uploads\/2023\/04\/20220906_160130-scaled.jpg\"><img loading=\"lazy\" decoding=\"async\" width=\"577\" height=\"1024\" data-id=\"111\" src=\"https:\/\/fam-schuler.de\/wp-content\/uploads\/2023\/04\/20220906_160130-577x1024.jpg\" alt=\"\" class=\"wp-image-111\" srcset=\"https:\/\/fam-schuler.de\/wp-content\/uploads\/2023\/04\/20220906_160130-577x1024.jpg 577w, https:\/\/fam-schuler.de\/wp-content\/uploads\/2023\/04\/20220906_160130-169x300.jpg 169w, https:\/\/fam-schuler.de\/wp-content\/uploads\/2023\/04\/20220906_160130-768x1364.jpg 768w, https:\/\/fam-schuler.de\/wp-content\/uploads\/2023\/04\/20220906_160130-865x1536.jpg 865w, https:\/\/fam-schuler.de\/wp-content\/uploads\/2023\/04\/20220906_160130-1153x2048.jpg 1153w, https:\/\/fam-schuler.de\/wp-content\/uploads\/2023\/04\/20220906_160130-scaled.jpg 1441w\" sizes=\"auto, (max-width: 577px) 100vw, 577px\" \/><\/a><figcaption class=\"wp-element-caption\">Flur<\/figcaption><\/figure>\n\n\n\n<figure class=\"wp-block-image size-large\"><a href=\"https:\/\/fam-schuler.de\/wp-content\/uploads\/2023\/04\/P-20220906_160335-scaled.jpg\"><img loading=\"lazy\" decoding=\"async\" width=\"577\" height=\"1024\" data-id=\"117\" src=\"https:\/\/fam-schuler.de\/wp-content\/uploads\/2023\/04\/P-20220906_160335-577x1024.jpg\" alt=\"\" class=\"wp-image-117\" srcset=\"https:\/\/fam-schuler.de\/wp-content\/uploads\/2023\/04\/P-20220906_160335-577x1024.jpg 577w, https:\/\/fam-schuler.de\/wp-content\/uploads\/2023\/04\/P-20220906_160335-169x300.jpg 169w, https:\/\/fam-schuler.de\/wp-content\/uploads\/2023\/04\/P-20220906_160335-768x1364.jpg 768w, https:\/\/fam-schuler.de\/wp-content\/uploads\/2023\/04\/P-20220906_160335-865x1536.jpg 865w, https:\/\/fam-schuler.de\/wp-content\/uploads\/2023\/04\/P-20220906_160335-1153x2048.jpg 1153w, https:\/\/fam-schuler.de\/wp-content\/uploads\/2023\/04\/P-20220906_160335-scaled.jpg 1441w\" sizes=\"auto, (max-width: 577px) 100vw, 577px\" \/><\/a><figcaption class=\"wp-element-caption\">Bad<\/figcaption><\/figure>\n<\/figure>\n<\/div>\n<\/div>\n<\/div><\/div>\n\n\n\n<h2 class=\"wp-block-heading\">Anreise<\/h2>\n\n\n\n<p><strong>Ferienwohnung Anni<\/strong><\/p>\n\n\n\n<p>Familie Schuler, Zainschmiedeweg 82, 87527 Sonthofen<\/p>\n\n\n<div\n\t\t\t\n\t\t\tclass=\"so-widget-sow-google-map so-widget-sow-google-map-default-fd6062bc92b1\"\n\t\t\t\n\t\t>\t<div class=\"sow-google-map-consent\" style=\"background-image: url(https:\/\/fam-schuler.de\/wp-content\/plugins\/so-widgets-bundle\/widgets\/google-map\/assets\/map-consent-background.jpg)\">\n\t\t<div class=\"sow-google-map-consent-prompt\">\n\t\t\t<div class=\"sow-google-map-consent-prompt-inner\">\n\t\t\t\t<p>Mit dem Laden der Karte stimmen Sie <a href=\"https:\/\/policies.google.com\/privacy\" target=\"_blank\" rel=\"noopener\">Googles Datenschutzerkl\u00e4rung<\/a> zu.<\/p>\n<p>&nbsp;<\/p>\n\n\t\t\t\t<button class=\"btn button\">Karte laden<\/button>\n\t\t\t<\/div>\n\t\t<\/div>\n\t<\/div>\n\n<div class=\"sow-google-map-canvas\"\n\tstyle=\"display: none;\"\n\tid=\"map-canvas-dc1cc7aa462b72c1d37104ceef6e87d5\"\n\tdata-options=\"{&quot;address&quot;:&quot;47.5228316, 10.2883631&quot;,&quot;zoom&quot;:12,&quot;mobileZoom&quot;:12,&quot;gestureHandling&quot;:&quot;greedy&quot;,&quot;disableUi&quot;:false,&quot;markerIcon&quot;:false,&quot;markersDraggable&quot;:false,&quot;markerAtCenter&quot;:true,&quot;markerInfoDisplay&quot;:&quot;click&quot;,&quot;markerInfoMultiple&quot;:true,&quot;markerPositions&quot;:false,&quot;mapName&quot;:false,&quot;mapStyles&quot;:false,&quot;directions&quot;:&quot;&quot;,&quot;apiKey&quot;:&quot;AIzaSyC10ZFLI6WG_UJ1R4jlVE-NPn_HtSpDAMs&quot;,&quot;breakpoint&quot;:780,&quot;id&quot;:&quot;69d853&quot;}\"\n\tdata-fallback-image=\"{&quot;img&quot;:&quot;&quot;}\"><\/div>\n<\/div>\n\n\n<h2 class=\"wp-block-heading\">Umgebung<\/h2>\n\n\n\n<h5><strong>Ziele in der unmittelbaren Umgebung der Wohnung<\/strong><\/h5>\n\n\n\n<ul class=\"wp-block-list\">\n<li><a rel=\"noreferrer noopener\" target=\"_blank\" href=\"http:\/\/www.sonthofen.de\/\">Stadt Sonthofen <\/a>&nbsp; &nbsp; &nbsp; &nbsp; &nbsp; &nbsp; <\/li>\n\n\n\n<li><a rel=\"noreferrer noopener\" target=\"_blank\" href=\"http:\/\/www.alpsee-gruenten.de\/\">Ferienregion Alpsee-Gr\u00fcnten<\/a><\/li>\n\n\n\n<li><a rel=\"noreferrer noopener\" target=\"_blank\" href=\"http:\/\/www.starzlachklamm.de\/\">Starzlachklamm<\/a><\/li>\n\n\n\n<li><a rel=\"noreferrer noopener\" target=\"_blank\" href=\"http:\/\/www.wonnemar.de\/sonthofen\/\">Erlebnisbad Wonnemar Sonthofen<\/a><\/li>\n\n\n\n<li><a href=\"http:\/\/www.badhindelang.de\/\">Bad Hindelang<\/a> (mit Hintersteiner Tal und Oberjoch)<\/li>\n<\/ul>\n\n\n\n<h5 class=\"wp-block-heading\"><strong>Ziele im Umland (15-30 Minuten PKW-Entfernung)<\/strong><\/h5>\n\n\n\n<ul class=\"wp-block-list\">\n<li><a target=\"_blank\" href=\"http:\/\/www.hoernerdoerfer.de\/\" rel=\"noreferrer noopener\">H\u00f6rnerd\u00f6rfer <\/a>(Fischen, Bolsterlang, Obermaiselstein, Balderschwang, Ofterschwang)<\/li>\n\n\n\n<li><a target=\"_blank\" href=\"http:\/\/www.oberstdorf.de\/\" rel=\"noreferrer noopener\">Oberstdorf<\/a><\/li>\n\n\n\n<li><a href=\"http:\/\/www.kleinwalsertal.com\/de\" target=\"_blank\" rel=\"noreferrer noopener\">Kleinwalsertal<\/a><\/li>\n\n\n\n<li><a rel=\"noreferrer noopener\" href=\"http:\/\/www.tannheimertal.com\/\" target=\"_blank\">Tannheimer Tal<\/a> (Tirol)<br> <\/li>\n<\/ul>\n\n\n\n<h2 class=\"wp-block-heading\">Kontakt<\/h2>\n\n\n\n<p>S. Schuler und C. Ehret<br>Tel. 07141-6427757<br><a rel=\"noreferrer noopener\" href=\"mailto:schuler-familie@t-online.de\" target=\"_blank\">Mailkontakt<\/a><\/p>\n","protected":false},"excerpt":{"rendered":"<p>Wir bieten Ihnen auf diesen Seiten die neu renovierte, moderne und komfortable Ferienwohnung &#8222;Anni&#8220; f\u00fcr 2 bis 4 Personen an. Die 65m\u00b2 gro\u00dfe Wohnung liegt ruhig am nord\u00f6stlichen Stadtrand von Sonthofen und bietet ein sch\u00f6nes Bergpanorama. Ihre Familie Schuler Buchung Die Buchung erfolgt inzwischen nicht mehr direkt \u00fcber uns, sondern \u00fcber die Agentur Allg\u00e4u-Fewo24 in [&hellip;]<\/p>\n","protected":false},"author":1,"featured_media":0,"parent":0,"menu_order":0,"comment_status":"closed","ping_status":"open","template":"","meta":{"footnotes":""},"class_list":["post-4","page","type-page","status-publish","hentry","post"],"_links":{"self":[{"href":"https:\/\/fam-schuler.de\/index.php?rest_route=\/wp\/v2\/pages\/4","targetHints":{"allow":["GET"]}}],"collection":[{"href":"https:\/\/fam-schuler.de\/index.php?rest_route=\/wp\/v2\/pages"}],"about":[{"href":"https:\/\/fam-schuler.de\/index.php?rest_route=\/wp\/v2\/types\/page"}],"author":[{"embeddable":true,"href":"https:\/\/fam-schuler.de\/index.php?rest_route=\/wp\/v2\/users\/1"}],"replies":[{"embeddable":true,"href":"https:\/\/fam-schuler.de\/index.php?rest_route=%2Fwp%2Fv2%2Fcomments&post=4"}],"version-history":[{"count":11,"href":"https:\/\/fam-schuler.de\/index.php?rest_route=\/wp\/v2\/pages\/4\/revisions"}],"predecessor-version":[{"id":137,"href":"https:\/\/fam-schuler.de\/index.php?rest_route=\/wp\/v2\/pages\/4\/revisions\/137"}],"wp:attachment":[{"href":"https:\/\/fam-schuler.de\/index.php?rest_route=%2Fwp%2Fv2%2Fmedia&parent=4"}],"curies":[{"name":"wp","href":"https:\/\/api.w.org\/{rel}","templated":true}]}}